{"id":661,"date":"2021-10-30T01:05:35","date_gmt":"2021-10-30T01:05:35","guid":{"rendered":"https:\/\/www.thezuerchers.ch\/?page_id=661"},"modified":"2025-12-01T20:42:08","modified_gmt":"2025-12-01T20:42:08","slug":"wir-beginnen-mit-digitalen-kleinstschritten-2","status":"publish","type":"page","link":"https:\/\/www.thezuerchers.ch\/","title":{"rendered":"Infoseite zu unserem Marktstand &#8211; Aktuelles"},"content":{"rendered":"\n<p style=\"font-size:30px\"> <strong>Christchindlimarkt 2025<\/strong><\/p>\n\n\n<p>Liebe Kunden<\/p>\n<p>Es war sehr sch\u00f6n, so viele unserer Kunde auch an unserem neuen Standort begr\u00fcssen zu d\u00fcrfen. Danke, dass ihr uns gesucht habt. Wir sind mit den Kranzwaren restlos ausverkauft. Die weiteren Produkte wie Guetzli, Rouladen und Kinderspielsachen k\u00f6nnen weiterhin bestellt werden.\u00a0<\/p>\n<p>Freundliche Gr\u00fcsse<\/p>\n<p>thezuerchers<\/p>\n<p>\u00a0<\/p>\n\n<p>Es gibt in diesem Jahr einige Ver\u00e4nderungen. Neu wird der Weihnachtsmarkt, der bisher beim Marktplatz war, auf den Gallusplatz verschoben. Das bedeutet, dass unser Christchindlimarkt dort nicht mehr wie gewohnt stattfinden kann. Neu finden Sie uns an der Bankgasse. Wir freuen uns, wenn wir Sie bei uns am St. Galler Christchindlimarkt 2025 (wieder) begr\u00fcssen d\u00fcrfen.\u00a0<\/p>\n\n\n<p class=\"has-vivid-red-color has-text-color\">Achtung, es gibt auch neue \u00d6ffnungszeiten des Marktes!<br>Samstag, 29. November 2025, 11.00 &#8211; 17.00 Uhr<br>Samstag, 13. Dezember 2025, 11.00 &#8211; 17.00 Uhr  <\/p>\n\n\n\n<p class=\"has-vivid-green-cyan-color has-text-color\" style=\"font-size:21px\">Bereits nehmen wir Bestellungen f\u00fcr die Adventszeit 2025 entgegen.<\/p>\n\n\n\n<p>Bestellungen k\u00f6nnen auch kurz vor dem Markt bei uns privat abgeholt werden. Bitten nehmen Sie dazu per Mail mit uns Kontakt auf.<\/p>\n\n\n\n<p class=\"has-very-light-gray-background-color has-background\"><\/p>\n\n\n\n<p><\/p>\n\n\n\n<p style=\"font-size:30px\"> <strong>Christchindlimarkt 2024<\/strong><\/p>\n\n\n<p>Wir freuen uns, wenn wir Sie bei uns am St. Galler Christchindlimarkt 2024 (wieder) begr\u00fcssen d\u00fcrfen.&nbsp;<\/p>\n\n\n<p class=\"has-vivid-green-cyan-color has-text-color\" style=\"font-size:21px\">Bereits nehmen wir Bestellungen f\u00fcr die Adventszeit 2024 entgegen.<\/p>\n\n\n\n<p>\u00d6ffnungszeiten des Marktes:<br>Samstag, 30. November 2024, 09.00 &#8211; 17.00 Uhr<br>Samstag, 7. Dezember 2024, 09.00 &#8211; 17.00 Uhr  <\/p>\n\n\n\n<p class=\"has-very-light-gray-background-color has-background\"><\/p>\n\n\n\n<p style=\"font-size:30px\"> <strong>Christchindlimarkt 2023<\/strong> <\/p>\n\n\n\n<p class=\"has-vivid-green-cyan-color has-text-color\" style=\"font-size:21px\">Wir bedanken uns bei all unseren (Stamm-)Kunden und w\u00fcnschen allen eine sch\u00f6ne Weihnachtszeit und einen guten Rutsch ins 2024.<\/p>\n\n\n\n<p class=\"has-very-light-gray-background-color has-background\"><\/p>\n\n\n\n<p style=\"font-size:30px\"> <strong>Christchindlimarkt 2023<\/strong> <\/p>\n\n\n<p>Wir freuen uns, Sie bei uns am St. Galler Christchindlimarkt 2023 begr\u00fcssen zu d\u00fcrfen.&nbsp;<\/p>\n\n\n<p class=\"has-vivid-green-cyan-color has-text-color\" style=\"font-size:21px\"> Ab sofort nehmen wir Bestellungen f\u00fcr die Adventszeit 2023 entgegen. <\/p>\n\n\n\n<p> \u00d6ffnungszeiten des Marktes:<br>Samstag, 2. Dezember 2023, 09.00 &#8211; 17.00 Uhr<br>Samstag, 9. Dezember 2023, 09.00 &#8211; 17.00 Uhr  <\/p>\n\n\n\n<p>Bestellungen k\u00f6nnen auch kurz vor dem Markt bei uns privat abgeholt werden. Bitten nehmen Sie dazu per Mail mit uns Kontakt auf.<\/p>\n\n\n\n<p class=\"has-very-light-gray-background-color has-background\"><\/p>\n\n\n\n<p style=\"font-size:30px\"><strong>Christchindlimarkt 2022<\/strong><\/p>\n\n\n\n<p>Es freut uns sehr, dass der St. Galler Christchindlimarkt 2022 wieder im gewohnten Rahmen wir vor Corona stattfinden kann. Der Markt findet am Samstag, 26.11.22 und 3.12.22 statt. <\/p>\n\n\n\n<p class=\"has-vivid-green-cyan-color has-text-color\" style=\"font-size:21px\">Ab sofort nehmen wir Bestellungen f\u00fcr die Adventszeit 2022 entgegen.<\/p>\n\n\n\n<p class=\"has-very-light-gray-background-color has-background\"><\/p>\n\n\n\n<p style=\"font-size:30px\"><strong>Christchindlimarkt 2021<\/strong><\/p>\n\n\n\n<p class=\"has-normal-font-size\">Es freut uns, Ihnen mitteilen zu k\u00f6nnen, dass der Markt zur Er\u00f6ffnung der Adventszeit 2021 nach aktuellen Angaben wieder stattfinden kann. Die Veranstaltungstage wurden jedoch ge\u00e4ndert. Wir k\u00f6nnen mit unserem Sortiment leider <strong>nur am Samstag anwesend<\/strong> sein. Unser Standplatz wurde zudem etwas verschoben. Wenn Sie den gleichen Weg <strong>weiter nach oben gehen<\/strong>, dann werden Sie uns auf der linken Seite finden. Es sind die Standpl\u00e4tze 28 und 29. <\/p>\n\n\n\n<p><strong>Wir freuen uns auf Ihren Besuch!<\/strong><\/p>\n\n\n\n<p>\u00d6ffnungszeiten des Marktes:<br>Freitag, 26.November 2021, 08.30-19.00 Uhr (leider ohne uns)<br>Samstag, 27. November 2021, 08.30 &#8211; 17.00 Uhr <\/p>\n\n\n<p><!--StartFragment--><\/p>\n\n\n<p class=\"has-very-light-gray-background-color has-background\"><\/p>\n\n\n\n<p style=\"font-size:30px\"><strong>unsere Tradition<\/strong><\/p>\n\n\n\n<p>Seit vielen Jahren ist unsere Familie am Christchindlimarkt in St. Gallen pr\u00e4sent. Bei uns finden Sie feine Guetzli, s\u00fcsse Rouladen und wundersch\u00f6ne, nat\u00fcrliche Adventskr\u00e4nze f\u00fcr eine besinnliche Adventszeit, Spielzeug wie Musikspieldosen, (Advents-) Karten in unterschiedlichen Techniken, feine Konfit\u00fcre, Kuchenst\u00fccke und diverse andere interessante Artikel. Alles von unserer Familie selbst f\u00fcr Sie gefertigt.<\/p>\n\n\n\n<p>Wir w\u00fcnschen Ihnen etwas besinnliche Marktstimmung beim Durchst\u00f6bern unseres Sortiments.<\/p>\n\n\n<p><!--EndFragment--><\/p>","protected":false},"excerpt":{"rendered":"<p>Christchindlimarkt 2025 Liebe Kunden Es war sehr sch\u00f6n, so viele unserer Kunde auch an unserem neuen Standort begr\u00fcssen zu d\u00fcrfen. Danke, dass ihr uns gesucht habt. Wir sind mit den Kranzwaren restlos ausverkauft. Die weiteren Produkte wie Guetzli, Rouladen und Kinderspielsachen k\u00f6nnen weiterhin bestellt werden.\u00a0 Freundliche Gr\u00fcsse thezuerchers \u00a0 Es gibt in diesem Jahr einige &hellip; <\/p>\n<p class=\"link-more\"><a href=\"https:\/\/www.thezuerchers.ch\/\" class=\"more-link\"><span class=\"screen-reader-text\">\u201eInfoseite zu unserem Marktstand &#8211; Aktuelles\u201c<\/span> weiterlesen<\/a><\/p>\n","protected":false},"author":2,"featured_media":0,"parent":0,"menu_order":0,"comment_status":"closed","ping_status":"closed","template":"","meta":[],"_links":{"self":[{"href":"https:\/\/www.thezuerchers.ch\/index.php?rest_route=\/wp\/v2\/pages\/661"}],"collection":[{"href":"https:\/\/www.thezuerchers.ch\/index.php?rest_route=\/wp\/v2\/pages"}],"about":[{"href":"https:\/\/www.thezuerchers.ch\/index.php?rest_route=\/wp\/v2\/types\/page"}],"author":[{"embeddable":true,"href":"https:\/\/www.thezuerchers.ch\/index.php?rest_route=\/wp\/v2\/users\/2"}],"replies":[{"embeddable":true,"href":"https:\/\/www.thezuerchers.ch\/index.php?rest_route=%2Fwp%2Fv2%2Fcomments&post=661"}],"version-history":[{"count":19,"href":"https:\/\/www.thezuerchers.ch\/index.php?rest_route=\/wp\/v2\/pages\/661\/revisions"}],"predecessor-version":[{"id":735,"href":"https:\/\/www.thezuerchers.ch\/index.php?rest_route=\/wp\/v2\/pages\/661\/revisions\/735"}],"wp:attachment":[{"href":"https:\/\/www.thezuerchers.ch\/index.php?rest_route=%2Fwp%2Fv2%2Fmedia&parent=661"}],"curies":[{"name":"wp","href":"https:\/\/api.w.org\/{rel}","templated":true}]}}